{"id":331,"date":"2023-08-05T02:03:43","date_gmt":"2023-08-05T02:03:43","guid":{"rendered":"https:\/\/escuelafarmaceutica.com\/desarrollo\/password-reset\/"},"modified":"2023-08-05T02:03:43","modified_gmt":"2023-08-05T02:03:43","slug":"password-reset","status":"publish","type":"page","link":"https:\/\/escuelafarmaceutica.com\/desarrollo\/password-reset\/","title":{"rendered":"Restablecer la contrase\u00f1a"},"content":{"rendered":"\n<div class=\"um um-password um-um_password_id\">\n\t<div class=\"um-form\">\n\t\t<form method=\"post\" action=\"\">\n\t\t\t\n\t\t\t\t<input type=\"hidden\" name=\"_um_password_reset\" id=\"_um_password_reset\" value=\"1\" \/>\n\n\t\t\t\t\t\t\t\t\t<div class=\"um-field um-field-block um-field-type_block\">\n\t\t\t\t\t\t<div class=\"um-field-block\">\n\t\t\t\t\t\t\t<div style=\"text-align:center;\">\n\t\t\t\t\t\t\t\tPara restablecer tu contrase\u00f1a, por favor, introduce a continuaci\u00f3n tu direcci\u00f3n de correo electr\u00f3nico o nombre de usuario.\t\t\t\t\t\t\t<\/div>\n\t\t\t\t\t\t<\/div>\n\t\t\t\t\t<\/div>\n\t\t\t\t<div  id=\"um_field_0_username_b\" class=\"um-field um-field-text  um-field-username_b um-field-text um-field-type_text\" data-key=\"username_b\"><div class=\"um-field-area\"><input  autocomplete=\"off\" class=\"um-form-field valid \" type=\"text\" name=\"username_b\" id=\"username_b\" value=\"\" placeholder=\"Introduce tu nombre de usuario o correo electr\u00f3nico\" data-validate=\"\" data-key=\"username_b\"  aria-invalid=\"false\" \/>\n\n\t\t\t\t\t\t<\/div><\/div>\n\t\t\t\t<div class=\"um-col-alt um-col-alt-b\">\n\n\t\t\t\t\t<div class=\"um-center\">\n\t\t\t\t\t\t<input type=\"submit\" value=\"Restablecer contrase\u00f1a\" class=\"um-button\" id=\"um-submit-btn\" \/>\n\t\t\t\t\t<\/div>\n\n\t\t\t\t\t<div class=\"um-clear\"><\/div>\n\n\t\t\t\t<\/div>\n\n\t\t\t\t\t\t<input type=\"hidden\" name=\"form_id\" id=\"form_id_um_password_id\" value=\"um_password_id\" \/>\n\t\n\t<p class=\"um_request_name\">\n\t\t<label for=\"um_request_um_password_id\">Only fill in if you are not human<\/label>\n\t\t<input type=\"hidden\" name=\"um_request\" id=\"um_request_um_password_id\" class=\"input\" value=\"\" size=\"25\" autocomplete=\"off\" \/>\n\t<\/p>\n\n\t\t\t<\/form>\n\t<\/div>\n<\/div>\n<style>\n\t\t\t.um-um_password_id.um {\n\t\t\tmax-width: 450px;\n\t\t}\n\t\t<\/style>\n\n","protected":false},"excerpt":{"rendered":"","protected":false},"author":1,"featured_media":0,"parent":0,"menu_order":0,"comment_status":"closed","ping_status":"closed","template":"","meta":{"site-sidebar-layout":"default","site-content-layout":"","ast-site-content-layout":"","site-content-style":"default","site-sidebar-style":"default","ast-global-header-display":"","ast-banner-title-visibility":"","ast-main-header-display":"","ast-hfb-above-header-display":"","ast-hfb-below-header-display":"","ast-hfb-mobile-header-display":"","site-post-title":"","ast-breadcrumbs-content":"","ast-featured-img":"","footer-sml-layout":"","theme-transparent-header-meta":"","adv-header-id-meta":"","stick-header-meta":"","header-above-stick-meta":"","header-main-stick-meta":"","header-below-stick-meta":"","astra-migrate-meta-layouts":"default","ast-page-background-enabled":"default","ast-page-background-meta":{"desktop":{"background-color":"var(--ast-global-color-4)","background-image":"","background-repeat":"repeat","background-position":"center center","background-size":"auto","background-attachment":"scroll","background-type":"","background-media":"","overlay-type":"","overlay-color":"","overlay-opacity":"","overlay-gradient":""},"tablet":{"background-color":"","background-image":"","background-repeat":"repeat","background-position":"center center","background-size":"auto","background-attachment":"scroll","background-type":"","background-media":"","overlay-type":"","overlay-color":"","overlay-opacity":"","overlay-gradient":""},"mobile":{"background-color":"","background-image":"","background-repeat":"repeat","background-position":"center center","background-size":"auto","background-attachment":"scroll","background-type":"","background-media":"","overlay-type":"","overlay-color":"","overlay-opacity":"","overlay-gradient":""}},"ast-content-background-meta":{"desktop":{"background-color":"var(--ast-global-color-5)","background-image":"","background-repeat":"repeat","background-position":"center center","background-size":"auto","background-attachment":"scroll","background-type":"","background-media":"","overlay-type":"","overlay-color":"","overlay-opacity":"","overlay-gradient":""},"tablet":{"background-color":"var(--ast-global-color-5)","background-image":"","background-repeat":"repeat","background-position":"center center","background-size":"auto","background-attachment":"scroll","background-type":"","background-media":"","overlay-type":"","overlay-color":"","overlay-opacity":"","overlay-gradient":""},"mobile":{"background-color":"var(--ast-global-color-5)","background-image":"","background-repeat":"repeat","background-position":"center center","background-size":"auto","background-attachment":"scroll","background-type":"","background-media":"","overlay-type":"","overlay-color":"","overlay-opacity":"","overlay-gradient":""}},"footnotes":""},"class_list":["post-331","page","type-page","status-publish","hentry"],"yoast_head":"<!-- This site is optimized with the Yoast SEO plugin v23.6 - https:\/\/yoast.com\/wordpress\/plugins\/seo\/ -->\n<title>Restablecer la contrase\u00f1a - Escuela Latinoamericana de Farmacia<\/title>\n<meta name=\"robots\" content=\"index, follow, max-snippet:-1, max-image-preview:large, max-video-preview:-1\" \/>\n<link rel=\"canonical\" href=\"https:\/\/escuelafarmaceutica.com\/desarrollo\/password-reset\/\" \/>\n<meta property=\"og:locale\" content=\"es_ES\" \/>\n<meta property=\"og:type\" content=\"article\" \/>\n<meta property=\"og:title\" content=\"Restablecer la contrase\u00f1a - Escuela Latinoamericana de Farmacia\" \/>\n<meta property=\"og:url\" content=\"https:\/\/escuelafarmaceutica.com\/desarrollo\/password-reset\/\" \/>\n<meta property=\"og:site_name\" content=\"Escuela Latinoamericana de Farmacia\" \/>\n<meta name=\"twitter:card\" content=\"summary_large_image\" \/>\n<script type=\"application\/ld+json\" class=\"yoast-schema-graph\">{\"@context\":\"https:\/\/schema.org\",\"@graph\":[{\"@type\":\"WebPage\",\"@id\":\"https:\/\/escuelafarmaceutica.com\/desarrollo\/password-reset\/\",\"url\":\"https:\/\/escuelafarmaceutica.com\/desarrollo\/password-reset\/\",\"name\":\"Restablecer la contrase\u00f1a - Escuela Latinoamericana de Farmacia\",\"isPartOf\":{\"@id\":\"https:\/\/escuelafarmaceutica.com\/desarrollo\/#website\"},\"datePublished\":\"2023-08-05T02:03:43+00:00\",\"dateModified\":\"2023-08-05T02:03:43+00:00\",\"breadcrumb\":{\"@id\":\"https:\/\/escuelafarmaceutica.com\/desarrollo\/password-reset\/#breadcrumb\"},\"inLanguage\":\"es\",\"potentialAction\":[{\"@type\":\"ReadAction\",\"target\":[\"https:\/\/escuelafarmaceutica.com\/desarrollo\/password-reset\/\"]}]},{\"@type\":\"BreadcrumbList\",\"@id\":\"https:\/\/escuelafarmaceutica.com\/desarrollo\/password-reset\/#breadcrumb\",\"itemListElement\":[{\"@type\":\"ListItem\",\"position\":1,\"name\":\"Inicio\",\"item\":\"https:\/\/escuelafarmaceutica.com\/desarrollo\/\"},{\"@type\":\"ListItem\",\"position\":2,\"name\":\"Restablecer la contrase\u00f1a\"}]},{\"@type\":\"WebSite\",\"@id\":\"https:\/\/escuelafarmaceutica.com\/desarrollo\/#website\",\"url\":\"https:\/\/escuelafarmaceutica.com\/desarrollo\/\",\"name\":\"Escuela Latinoamericana de Farmacia\",\"description\":\"\",\"publisher\":{\"@id\":\"https:\/\/escuelafarmaceutica.com\/desarrollo\/#organization\"},\"potentialAction\":[{\"@type\":\"SearchAction\",\"target\":{\"@type\":\"EntryPoint\",\"urlTemplate\":\"https:\/\/escuelafarmaceutica.com\/desarrollo\/?s={search_term_string}\"},\"query-input\":{\"@type\":\"PropertyValueSpecification\",\"valueRequired\":true,\"valueName\":\"search_term_string\"}}],\"inLanguage\":\"es\"},{\"@type\":\"Organization\",\"@id\":\"https:\/\/escuelafarmaceutica.com\/desarrollo\/#organization\",\"name\":\"Escuela Latinoamericana de Farmacia\",\"alternateName\":\"Elaf\",\"url\":\"https:\/\/escuelafarmaceutica.com\/desarrollo\/\",\"logo\":{\"@type\":\"ImageObject\",\"inLanguage\":\"es\",\"@id\":\"https:\/\/escuelafarmaceutica.com\/desarrollo\/#\/schema\/logo\/image\/\",\"url\":\"https:\/\/escuelafarmaceutica.com\/desarrollo\/wp-content\/uploads\/2023\/08\/logo-elaf.png\",\"contentUrl\":\"https:\/\/escuelafarmaceutica.com\/desarrollo\/wp-content\/uploads\/2023\/08\/logo-elaf.png\",\"width\":489,\"height\":164,\"caption\":\"Escuela Latinoamericana de Farmacia\"},\"image\":{\"@id\":\"https:\/\/escuelafarmaceutica.com\/desarrollo\/#\/schema\/logo\/image\/\"}}]}<\/script>\n<!-- \/ Yoast SEO plugin. -->","yoast_head_json":{"title":"Restablecer la contrase\u00f1a - Escuela Latinoamericana de Farmacia","robots":{"index":"index","follow":"follow","max-snippet":"max-snippet:-1","max-image-preview":"max-image-preview:large","max-video-preview":"max-video-preview:-1"},"canonical":"https:\/\/escuelafarmaceutica.com\/desarrollo\/password-reset\/","og_locale":"es_ES","og_type":"article","og_title":"Restablecer la contrase\u00f1a - Escuela Latinoamericana de Farmacia","og_url":"https:\/\/escuelafarmaceutica.com\/desarrollo\/password-reset\/","og_site_name":"Escuela Latinoamericana de Farmacia","twitter_card":"summary_large_image","schema":{"@context":"https:\/\/schema.org","@graph":[{"@type":"WebPage","@id":"https:\/\/escuelafarmaceutica.com\/desarrollo\/password-reset\/","url":"https:\/\/escuelafarmaceutica.com\/desarrollo\/password-reset\/","name":"Restablecer la contrase\u00f1a - Escuela Latinoamericana de Farmacia","isPartOf":{"@id":"https:\/\/escuelafarmaceutica.com\/desarrollo\/#website"},"datePublished":"2023-08-05T02:03:43+00:00","dateModified":"2023-08-05T02:03:43+00:00","breadcrumb":{"@id":"https:\/\/escuelafarmaceutica.com\/desarrollo\/password-reset\/#breadcrumb"},"inLanguage":"es","potentialAction":[{"@type":"ReadAction","target":["https:\/\/escuelafarmaceutica.com\/desarrollo\/password-reset\/"]}]},{"@type":"BreadcrumbList","@id":"https:\/\/escuelafarmaceutica.com\/desarrollo\/password-reset\/#breadcrumb","itemListElement":[{"@type":"ListItem","position":1,"name":"Inicio","item":"https:\/\/escuelafarmaceutica.com\/desarrollo\/"},{"@type":"ListItem","position":2,"name":"Restablecer la contrase\u00f1a"}]},{"@type":"WebSite","@id":"https:\/\/escuelafarmaceutica.com\/desarrollo\/#website","url":"https:\/\/escuelafarmaceutica.com\/desarrollo\/","name":"Escuela Latinoamericana de Farmacia","description":"","publisher":{"@id":"https:\/\/escuelafarmaceutica.com\/desarrollo\/#organization"},"potentialAction":[{"@type":"SearchAction","target":{"@type":"EntryPoint","urlTemplate":"https:\/\/escuelafarmaceutica.com\/desarrollo\/?s={search_term_string}"},"query-input":{"@type":"PropertyValueSpecification","valueRequired":true,"valueName":"search_term_string"}}],"inLanguage":"es"},{"@type":"Organization","@id":"https:\/\/escuelafarmaceutica.com\/desarrollo\/#organization","name":"Escuela Latinoamericana de Farmacia","alternateName":"Elaf","url":"https:\/\/escuelafarmaceutica.com\/desarrollo\/","logo":{"@type":"ImageObject","inLanguage":"es","@id":"https:\/\/escuelafarmaceutica.com\/desarrollo\/#\/schema\/logo\/image\/","url":"https:\/\/escuelafarmaceutica.com\/desarrollo\/wp-content\/uploads\/2023\/08\/logo-elaf.png","contentUrl":"https:\/\/escuelafarmaceutica.com\/desarrollo\/wp-content\/uploads\/2023\/08\/logo-elaf.png","width":489,"height":164,"caption":"Escuela Latinoamericana de Farmacia"},"image":{"@id":"https:\/\/escuelafarmaceutica.com\/desarrollo\/#\/schema\/logo\/image\/"}}]}},"_links":{"self":[{"href":"https:\/\/escuelafarmaceutica.com\/desarrollo\/wp-json\/wp\/v2\/pages\/331","targetHints":{"allow":["GET"]}}],"collection":[{"href":"https:\/\/escuelafarmaceutica.com\/desarrollo\/wp-json\/wp\/v2\/pages"}],"about":[{"href":"https:\/\/escuelafarmaceutica.com\/desarrollo\/wp-json\/wp\/v2\/types\/page"}],"author":[{"embeddable":true,"href":"https:\/\/escuelafarmaceutica.com\/desarrollo\/wp-json\/wp\/v2\/users\/1"}],"replies":[{"embeddable":true,"href":"https:\/\/escuelafarmaceutica.com\/desarrollo\/wp-json\/wp\/v2\/comments?post=331"}],"version-history":[{"count":0,"href":"https:\/\/escuelafarmaceutica.com\/desarrollo\/wp-json\/wp\/v2\/pages\/331\/revisions"}],"wp:attachment":[{"href":"https:\/\/escuelafarmaceutica.com\/desarrollo\/wp-json\/wp\/v2\/media?parent=331"}],"curies":[{"name":"wp","href":"https:\/\/api.w.org\/{rel}","templated":true}]}}